{"id":373,"date":"2016-07-23T20:01:30","date_gmt":"2016-07-23T20:01:30","guid":{"rendered":"http:\/\/iespintorantoniolopez.org\/apablog\/?page_id=373"},"modified":"2020-02-02T19:06:47","modified_gmt":"2020-02-02T19:06:47","slug":"contactar","status":"publish","type":"page","link":"https:\/\/iespintorantoniolopez.org\/ampablog\/contactar\/","title":{"rendered":"CONTACTAR"},"content":{"rendered":"<p><span style=\"color: #800000;\"><strong>IES PINTOR ANTONIO L\u00d3PEZ<\/strong><\/span><\/p>\n<ul>\n<li><strong>Direcci\u00f3n:<\/strong> Calle del Or\u00e9gano, 1, 28760 Tres Cantos<\/li>\n<li><strong>Email de contacto:<\/strong> <a> ampapintorantoniolopez@gmail.com<\/a><\/li>\n<li><strong>Tel\u00e9fonos:<\/strong> 91 803 91 02, 91 803 99 27<\/li>\n<\/ul>\n<p>&nbsp;<\/p>\n<p><iframe loading=\"lazy\" style=\"border: 0;\" src=\"https:\/\/www.google.com\/maps\/embed?pb=!1m18!1m12!1m3!1d3029.2554581082577!2d-3.704659384238026!3d40.60218707934399!2m3!1f0!2f0!3f0!3m2!1i1024!2i768!4f13.1!3m3!1m2!1s0xd43d4e272cefa07%3A0x26cdfb57538fa53!2sIES+%22pintor+Antonio+Lopez%22!5e0!3m2!1ses!2ses!4v1469303962914\" width=\"1200\" height=\"500\" frameborder=\"0\" allowfullscreen=\"allowfullscreen\"><\/iframe><\/p>\n","protected":false},"excerpt":{"rendered":"<p>IES PINTOR ANTONIO L\u00d3PEZ Direcci\u00f3n: Calle del Or\u00e9gano, 1, 28760 Tres Cantos Email de contacto: ampapintorantoniolopez@gmail.com Tel\u00e9fonos: 91 803 91 02, 91 803 99 27 &nbsp;<\/p>\n","protected":false},"author":1,"featured_media":0,"parent":0,"menu_order":0,"comment_status":"closed","ping_status":"closed","template":"","meta":{"_et_pb_use_builder":"off","_et_pb_old_content":"","_et_gb_content_width":"","footnotes":""},"class_list":["post-373","page","type-page","status-publish","hentry"],"jetpack_sharing_enabled":true,"_links":{"self":[{"href":"https:\/\/iespintorantoniolopez.org\/ampablog\/wp-json\/wp\/v2\/pages\/373","targetHints":{"allow":["GET"]}}],"collection":[{"href":"https:\/\/iespintorantoniolopez.org\/ampablog\/wp-json\/wp\/v2\/pages"}],"about":[{"href":"https:\/\/iespintorantoniolopez.org\/ampablog\/wp-json\/wp\/v2\/types\/page"}],"author":[{"embeddable":true,"href":"https:\/\/iespintorantoniolopez.org\/ampablog\/wp-json\/wp\/v2\/users\/1"}],"replies":[{"embeddable":true,"href":"https:\/\/iespintorantoniolopez.org\/ampablog\/wp-json\/wp\/v2\/comments?post=373"}],"version-history":[{"count":5,"href":"https:\/\/iespintorantoniolopez.org\/ampablog\/wp-json\/wp\/v2\/pages\/373\/revisions"}],"predecessor-version":[{"id":889,"href":"https:\/\/iespintorantoniolopez.org\/ampablog\/wp-json\/wp\/v2\/pages\/373\/revisions\/889"}],"wp:attachment":[{"href":"https:\/\/iespintorantoniolopez.org\/ampablog\/wp-json\/wp\/v2\/media?parent=373"}],"curies":[{"name":"wp","href":"https:\/\/api.w.org\/{rel}","templated":true}]}}